{"id":142,"date":"2022-08-05T15:40:55","date_gmt":"2022-08-05T15:40:55","guid":{"rendered":"https:\/\/angfuzsoft.com\/themeforest\/wordpress\/taxseco\/?page_id=142"},"modified":"2024-02-13T12:50:45","modified_gmt":"2024-02-13T11:50:45","slug":"contact","status":"publish","type":"page","link":"https:\/\/imperial-taxi.ch\/de\/contact\/","title":{"rendered":"Kontakt"},"content":{"rendered":"<div data-elementor-type=\"wp-page\" data-elementor-id=\"142\" class=\"elementor elementor-142\" data-elementor-post-type=\"page\">\n\t\t\t\t\t\t<section class=\"elementor-section elementor-top-section elementor-element elementor-element-d31d583 elementor-section-full_width elementor-section-height-default elementor-section-height-default\" data-id=\"d31d583\" data-element_type=\"section\" data-e-type=\"section\" data-settings=\"{&quot;background_background&quot;:&quot;classic&quot;}\">\n\t\t\t\t\t\t<div class=\"elementor-container elementor-column-gap-no\">\n\t\t\t\t\t<div class=\"elementor-column elementor-col-100 elementor-top-column elementor-element elementor-element-f6e42fb\" data-id=\"f6e42fb\" data-element_type=\"column\" data-e-type=\"column\">\n\t\t\t<div class=\"elementor-widget-wrap elementor-element-populated\">\n\t\t\t\t\t\t<section class=\"elementor-section elementor-inner-section elementor-element elementor-element-075e5d5 elementor-section-boxed elementor-section-height-default elementor-section-height-default\" data-id=\"075e5d5\" data-element_type=\"section\" data-e-type=\"section\">\n\t\t\t\t\t\t<div class=\"elementor-container elementor-column-gap-no\">\n\t\t\t\t\t<div class=\"elementor-column elementor-col-100 elementor-inner-column elementor-element elementor-element-edb0234\" data-id=\"edb0234\" data-element_type=\"column\" data-e-type=\"column\">\n\t\t\t<div class=\"elementor-widget-wrap elementor-element-populated\">\n\t\t\t\t\t\t<div class=\"elementor-element elementor-element-14dc6f8 elementor-widget elementor-widget-taxsecocontactform\" data-id=\"14dc6f8\" data-element_type=\"widget\" data-e-type=\"widget\" data-widget_type=\"taxsecocontactform.default\">\n\t\t\t\t<div class=\"elementor-widget-container\">\n\t\t\t\t\t<!-----------------------Start Contact Form-----------------------><div class=\"booking-form4\">\n<div class=\"wpcf7 no-js\" id=\"wpcf7-f2767-o1\" lang=\"en-US\" dir=\"ltr\" data-wpcf7-id=\"2767\">\n<div class=\"screen-reader-response\"><p role=\"status\" aria-live=\"polite\" aria-atomic=\"true\"><\/p> <ul><\/ul><\/div>\n<form action=\"\/de\/wp-json\/wp\/v2\/pages\/142#wpcf7-f2767-o1\" method=\"post\" class=\"wpcf7-form init\" aria-label=\"Kontaktformular\" novalidate=\"novalidate\" data-status=\"init\" data-trp-original-action=\"\/de\/wp-json\/wp\/v2\/pages\/142#wpcf7-f2767-o1\">\n<fieldset class=\"hidden-fields-container\"><input type=\"hidden\" name=\"_wpcf7\" value=\"2767\" \/><input type=\"hidden\" name=\"_wpcf7_version\" value=\"6.1.4\" \/><input type=\"hidden\" name=\"_wpcf7_locale\" value=\"en_US\" \/><input type=\"hidden\" name=\"_wpcf7_unit_tag\" value=\"wpcf7-f2767-o1\" \/><input type=\"hidden\" name=\"_wpcf7_container_post\" value=\"0\" \/><input type=\"hidden\" name=\"_wpcf7_posted_data_hash\" value=\"\" \/><input type=\"hidden\" name=\"_wpcf7_recaptcha_response\" value=\"\" \/>\n<\/fieldset>\n<p><label> Ihre Name*<br \/>\n<span class=\"wpcf7-form-control-wrap\" data-name=\"your-name\"><input size=\"40\" maxlength=\"400\" class=\"wpcf7-form-control wpcf7-text wpcf7-validates-as-required\" aria-required=\"true\" aria-invalid=\"false\" value=\"\" type=\"text\" name=\"your-name\" \/><\/span> <\/label>\n<\/p>\n<p><label> Ihre E-Mail-Adresse*<br \/>\n<span class=\"wpcf7-form-control-wrap\" data-name=\"your-email\"><input size=\"40\" maxlength=\"400\" class=\"wpcf7-form-control wpcf7-email wpcf7-validates-as-required wpcf7-text wpcf7-validates-as-email\" aria-required=\"true\" aria-invalid=\"false\" value=\"\" type=\"email\" name=\"your-email\" \/><\/span> <\/label>\n<\/p>\n<p><label> Telefonnummer <b>(mit Rufzeichen bei ausl\u00e4ndischer Nummer)<\/b><br \/>\n<span class=\"wpcf7-form-control-wrap\" data-name=\"your-phone\"><input class=\"wpcf7-form-control wpcf7-number wpcf7-validates-as-number\" aria-invalid=\"false\" value=\"\" type=\"number\" name=\"your-phone\" \/><\/span> <\/label>\n<\/p>\n<p><label> Nachricht*<br \/>\n<span class=\"wpcf7-form-control-wrap\" data-name=\"your-message\"><textarea cols=\"40\" rows=\"10\" maxlength=\"2000\" class=\"wpcf7-form-control wpcf7-textarea\" aria-invalid=\"false\" name=\"your-message\"><\/textarea><\/span> <\/label>\n<\/p>\n<p><input class=\"wpcf7-form-control wpcf7-submit has-spinner\" type=\"submit\" value=\"Ihre Nachricht einreichen\" \/>\n<\/p><input type='hidden' class='wpcf7-pum' value='{\"closepopup\":false,\"closedelay\":0,\"openpopup\":false,\"openpopup_id\":0}' \/><div class=\"wpcf7-response-output\" aria-hidden=\"true\"><\/div>\n<input type=\"hidden\" name=\"trp-form-language\" value=\"de\"\/><\/form>\n<\/div>\n<\/div><!-----------------------End Contact Form----------------------->\t\t\t\t<\/div>\n\t\t\t\t<\/div>\n\t\t\t\t<div class=\"elementor-element elementor-element-de83a43 elementor-widget elementor-widget-html\" data-id=\"de83a43\" data-element_type=\"widget\" data-e-type=\"widget\" data-widget_type=\"html.default\">\n\t\t\t\t<div class=\"elementor-widget-container\">\n\t\t\t\t\t<small>Diese Website ist durch reCAPTCHA gesch\u00fctzt, das eine Technologie von Google ist. Die \n    <a href=\"https:\/\/policies.google.com\/privacy\" target=\"_blank\">Datenschutzrichtlinie<\/a> und\n    <a href=\"https:\/\/policies.google.com\/terms\" target=\"_blank\">Bedingungen f\u00fcr die Nutzung des Dienstes<\/a> gelten.\n<\/small>\t\t\t\t<\/div>\n\t\t\t\t<\/div>\n\t\t\t\t\t<\/div>\n\t\t<\/div>\n\t\t\t\t\t<\/div>\n\t\t<\/section>\n\t\t\t\t\t<\/div>\n\t\t<\/div>\n\t\t\t\t\t<\/div>\n\t\t<\/section>\n\t\t\t\t<section class=\"elementor-section elementor-top-section elementor-element elementor-element-d4c4083 elementor-section-boxed elementor-section-height-default elementor-section-height-default\" data-id=\"d4c4083\" data-element_type=\"section\" data-e-type=\"section\">\n\t\t\t\t\t\t<div class=\"elementor-container elementor-column-gap-default\">\n\t\t\t\t\t<div class=\"elementor-column elementor-col-100 elementor-top-column elementor-element elementor-element-03e7fa9\" data-id=\"03e7fa9\" data-element_type=\"column\" data-e-type=\"column\">\n\t\t\t<div class=\"elementor-widget-wrap\">\n\t\t\t\t\t\t\t<\/div>\n\t\t<\/div>\n\t\t\t\t\t<\/div>\n\t\t<\/section>\n\t\t\t\t<\/div>","protected":false},"excerpt":{"rendered":"<p>Ihr Name* Ihre E-Mail-Adresse* Telefonnummer (falls Sie einen R\u00fcckruf w\u00fcnschen) Nachricht* Diese Website ist durch reCAPTCHA gesch\u00fctzt, das eine Technologie von Google ist. Es gelten die Datenschutzbestimmungen und Nutzungsbedingungen des Dienstes.<\/p>","protected":false},"author":1,"featured_media":0,"parent":0,"menu_order":0,"comment_status":"closed","ping_status":"closed","template":"template-builder.php","meta":{"inline_featured_image":false,"footnotes":""},"class_list":["post-142","page","type-page","status-publish","hentry"],"yoast_head":"<!-- This site is optimized with the Yoast SEO plugin v26.9 - https:\/\/yoast.com\/product\/yoast-seo-wordpress\/ -->\n<title>Contact - Imperial Taxi<\/title>\n<meta name=\"description\" content=\"Profitez avec Imperial Taxi d&#039;un service de qualit\u00e9 sur la r\u00e9gion ainsi que de prix comp\u00e9titifs. N&#039;attendez plus et faites appel \u00e0 nous !\" \/>\n<meta name=\"robots\" content=\"index, follow, max-snippet:-1, max-image-preview:large, max-video-preview:-1\" \/>\n<link rel=\"canonical\" href=\"https:\/\/imperial-taxi.ch\/de\/contact\/\" \/>\n<meta property=\"og:locale\" content=\"de_DE\" \/>\n<meta property=\"og:type\" content=\"article\" \/>\n<meta property=\"og:title\" content=\"Contact - Imperial Taxi\" \/>\n<meta property=\"og:description\" content=\"Profitez avec Imperial Taxi d&#039;un service de qualit\u00e9 sur la r\u00e9gion ainsi que de prix comp\u00e9titifs. N&#039;attendez plus et faites appel \u00e0 nous !\" \/>\n<meta property=\"og:url\" content=\"https:\/\/imperial-taxi.ch\/de\/contact\/\" \/>\n<meta property=\"og:site_name\" content=\"Imperial Taxi\" \/>\n<meta property=\"article:publisher\" content=\"https:\/\/www.facebook.com\/profile.php?id=100087341134767\" \/>\n<meta property=\"article:modified_time\" content=\"2024-02-13T11:50:45+00:00\" \/>\n<meta name=\"twitter:card\" content=\"summary_large_image\" \/>\n<meta name=\"twitter:label1\" content=\"Gesch\u00e4tzte Lesezeit\" \/>\n\t<meta name=\"twitter:data1\" content=\"1\u00a0Minute\" \/>\n<script type=\"application\/ld+json\" class=\"yoast-schema-graph\">{\"@context\":\"https:\/\/schema.org\",\"@graph\":[{\"@type\":\"WebPage\",\"@id\":\"https:\/\/imperial-taxi.ch\/contact\/\",\"url\":\"https:\/\/imperial-taxi.ch\/contact\/\",\"name\":\"Contact - Imperial Taxi\",\"isPartOf\":{\"@id\":\"https:\/\/imperial-taxi.ch\/#website\"},\"datePublished\":\"2022-08-05T15:40:55+00:00\",\"dateModified\":\"2024-02-13T11:50:45+00:00\",\"description\":\"Profitez avec Imperial Taxi d'un service de qualit\u00e9 sur la r\u00e9gion ainsi que de prix comp\u00e9titifs. N'attendez plus et faites appel \u00e0 nous !\",\"breadcrumb\":{\"@id\":\"https:\/\/imperial-taxi.ch\/contact\/#breadcrumb\"},\"inLanguage\":\"de-CH\",\"potentialAction\":[{\"@type\":\"ReadAction\",\"target\":[\"https:\/\/imperial-taxi.ch\/contact\/\"]}]},{\"@type\":\"BreadcrumbList\",\"@id\":\"https:\/\/imperial-taxi.ch\/contact\/#breadcrumb\",\"itemListElement\":[{\"@type\":\"ListItem\",\"position\":1,\"name\":\"Home\",\"item\":\"https:\/\/imperial-taxi.ch\/\"},{\"@type\":\"ListItem\",\"position\":2,\"name\":\"Contact\"}]},{\"@type\":\"WebSite\",\"@id\":\"https:\/\/imperial-taxi.ch\/#website\",\"url\":\"https:\/\/imperial-taxi.ch\/\",\"name\":\"Imperial Taxi\",\"description\":\"Compagnie de taxi\",\"publisher\":{\"@id\":\"https:\/\/imperial-taxi.ch\/#organization\"},\"potentialAction\":[{\"@type\":\"SearchAction\",\"target\":{\"@type\":\"EntryPoint\",\"urlTemplate\":\"https:\/\/imperial-taxi.ch\/?s={search_term_string}\"},\"query-input\":{\"@type\":\"PropertyValueSpecification\",\"valueRequired\":true,\"valueName\":\"search_term_string\"}}],\"inLanguage\":\"de-CH\"},{\"@type\":\"Organization\",\"@id\":\"https:\/\/imperial-taxi.ch\/#organization\",\"name\":\"Imperial Taxi\",\"url\":\"https:\/\/imperial-taxi.ch\/\",\"logo\":{\"@type\":\"ImageObject\",\"inLanguage\":\"de-CH\",\"@id\":\"https:\/\/imperial-taxi.ch\/#\/schema\/logo\/image\/\",\"url\":\"https:\/\/imperial-taxi.ch\/wp-content\/uploads\/2022\/11\/TAXI-FINAL-01-web-version.png\",\"contentUrl\":\"https:\/\/imperial-taxi.ch\/wp-content\/uploads\/2022\/11\/TAXI-FINAL-01-web-version.png\",\"width\":1460,\"height\":1264,\"caption\":\"Imperial Taxi\"},\"image\":{\"@id\":\"https:\/\/imperial-taxi.ch\/#\/schema\/logo\/image\/\"},\"sameAs\":[\"https:\/\/www.facebook.com\/profile.php?id=100087341134767\",\"https:\/\/www.instagram.com\/sasa_stojic_imperialtaxi\/\"]}]}<\/script>\n<!-- \/ Yoast SEO plugin. -->","yoast_head_json":{"title":"Kontakt - Imperial Taxi","description":"Profitieren Sie mit Imperial Taxi von einem qualitativ hochwertigen Service in der Region sowie von wettbewerbsf\u00e4higen Preisen. Warten Sie nicht l\u00e4nger und nehmen Sie unsere Dienste in Anspruch!","robots":{"index":"index","follow":"follow","max-snippet":"max-snippet:-1","max-image-preview":"max-image-preview:large","max-video-preview":"max-video-preview:-1"},"canonical":"https:\/\/imperial-taxi.ch\/de\/contact\/","og_locale":"de_DE","og_type":"article","og_title":"Contact - Imperial Taxi","og_description":"Profitez avec Imperial Taxi d'un service de qualit\u00e9 sur la r\u00e9gion ainsi que de prix comp\u00e9titifs. N'attendez plus et faites appel \u00e0 nous !","og_url":"https:\/\/imperial-taxi.ch\/de\/contact\/","og_site_name":"Imperial Taxi","article_publisher":"https:\/\/www.facebook.com\/profile.php?id=100087341134767","article_modified_time":"2024-02-13T11:50:45+00:00","twitter_card":"summary_large_image","twitter_misc":{"Gesch\u00e4tzte Lesezeit":"1\u00a0Minute"},"schema":{"@context":"https:\/\/schema.org","@graph":[{"@type":"WebPage","@id":"https:\/\/imperial-taxi.ch\/contact\/","url":"https:\/\/imperial-taxi.ch\/contact\/","name":"Kontakt - Imperial Taxi","isPartOf":{"@id":"https:\/\/imperial-taxi.ch\/#website"},"datePublished":"2022-08-05T15:40:55+00:00","dateModified":"2024-02-13T11:50:45+00:00","description":"Profitieren Sie mit Imperial Taxi von einem qualitativ hochwertigen Service in der Region sowie von wettbewerbsf\u00e4higen Preisen. Warten Sie nicht l\u00e4nger und nehmen Sie unsere Dienste in Anspruch!","breadcrumb":{"@id":"https:\/\/imperial-taxi.ch\/contact\/#breadcrumb"},"inLanguage":"de-CH","potentialAction":[{"@type":"ReadAction","target":["https:\/\/imperial-taxi.ch\/contact\/"]}]},{"@type":"BreadcrumbList","@id":"https:\/\/imperial-taxi.ch\/contact\/#breadcrumb","itemListElement":[{"@type":"ListItem","position":1,"name":"Home","item":"https:\/\/imperial-taxi.ch\/"},{"@type":"ListItem","position":2,"name":"Contact"}]},{"@type":"WebSite","@id":"https:\/\/imperial-taxi.ch\/#website","url":"https:\/\/imperial-taxi.ch\/","name":"Imperial Taxi","description":"Taxiunternehmen","publisher":{"@id":"https:\/\/imperial-taxi.ch\/#organization"},"potentialAction":[{"@type":"SearchAction","target":{"@type":"EntryPoint","urlTemplate":"https:\/\/imperial-taxi.ch\/?s={search_term_string}"},"query-input":{"@type":"PropertyValueSpecification","valueRequired":true,"valueName":"search_term_string"}}],"inLanguage":"de-CH"},{"@type":"Organization","@id":"https:\/\/imperial-taxi.ch\/#organization","name":"Imperial Taxi","url":"https:\/\/imperial-taxi.ch\/","logo":{"@type":"ImageObject","inLanguage":"de-CH","@id":"https:\/\/imperial-taxi.ch\/#\/schema\/logo\/image\/","url":"https:\/\/imperial-taxi.ch\/wp-content\/uploads\/2022\/11\/TAXI-FINAL-01-web-version.png","contentUrl":"https:\/\/imperial-taxi.ch\/wp-content\/uploads\/2022\/11\/TAXI-FINAL-01-web-version.png","width":1460,"height":1264,"caption":"Imperial Taxi"},"image":{"@id":"https:\/\/imperial-taxi.ch\/#\/schema\/logo\/image\/"},"sameAs":["https:\/\/www.facebook.com\/profile.php?id=100087341134767","https:\/\/www.instagram.com\/sasa_stojic_imperialtaxi\/"]}]}},"_links":{"self":[{"href":"https:\/\/imperial-taxi.ch\/de\/wp-json\/wp\/v2\/pages\/142","targetHints":{"allow":["GET"]}}],"collection":[{"href":"https:\/\/imperial-taxi.ch\/de\/wp-json\/wp\/v2\/pages"}],"about":[{"href":"https:\/\/imperial-taxi.ch\/de\/wp-json\/wp\/v2\/types\/page"}],"author":[{"embeddable":true,"href":"https:\/\/imperial-taxi.ch\/de\/wp-json\/wp\/v2\/users\/1"}],"replies":[{"embeddable":true,"href":"https:\/\/imperial-taxi.ch\/de\/wp-json\/wp\/v2\/comments?post=142"}],"version-history":[{"count":8,"href":"https:\/\/imperial-taxi.ch\/de\/wp-json\/wp\/v2\/pages\/142\/revisions"}],"predecessor-version":[{"id":3461,"href":"https:\/\/imperial-taxi.ch\/de\/wp-json\/wp\/v2\/pages\/142\/revisions\/3461"}],"wp:attachment":[{"href":"https:\/\/imperial-taxi.ch\/de\/wp-json\/wp\/v2\/media?parent=142"}],"curies":[{"name":"wp","href":"https:\/\/api.w.org\/{rel}","templated":true}]}}